{"id":1578,"date":"2024-07-15T09:35:56","date_gmt":"2024-07-15T09:35:56","guid":{"rendered":"https:\/\/aberystwyth.gov.uk\/ein-gwaithi\/"},"modified":"2024-10-01T11:31:20","modified_gmt":"2024-10-01T11:31:20","slug":"ein-gwaithi","status":"publish","type":"page","link":"https:\/\/aberystwyth.gov.uk\/cy\/ein-gwaithi\/","title":{"rendered":"Ein Gwaith"},"content":{"rendered":"<p>[et_pb_section fb_built=&#8221;1&#8243; admin_label=&#8221;section&#8221; _builder_version=&#8221;4.16&#8243; global_colors_info=&#8221;{}&#8221;][et_pb_row admin_label=&#8221;row&#8221; _builder_version=&#8221;4.23.4&#8243; background_size=&#8221;initial&#8221; background_position=&#8221;top_left&#8221; background_repeat=&#8221;repeat&#8221; animation_style=&#8221;fade&#8221; global_colors_info=&#8221;{}&#8221;][et_pb_column type=&#8221;4_4&#8243; _builder_version=&#8221;4.16&#8243; custom_padding=&#8221;|||&#8221; global_colors_info=&#8221;{}&#8221; custom_padding__hover=&#8221;|||&#8221;][et_pb_post_title meta=&#8221;off&#8221; featured_image=&#8221;off&#8221; _builder_version=&#8221;4.16&#8243; _module_preset=&#8221;default&#8221; animation_style=&#8221;fade&#8221; global_colors_info=&#8221;{}&#8221;][\/et_pb_post_title][et_pb_text _builder_version=&#8221;4.22.2&#8243; _module_preset=&#8221;default&#8221; global_colors_info=&#8221;{}&#8221;]<\/p>\n<p>Ym 1976 trosglwyddwyd holl asedau hen Gyngor Bwrdeistref Aberystwyth i Gyngor Sir Ceredigion.\u00a0 Roedd hyn yn cynnwys tir ac adeiladau ac ers 1976 mae Cyngor Tref Aberystwyth wedi prydlesu llawer o&#8217;r asedau yn \u00f4l gan Gyngor Sir Ceredigion er mwyn darparu gwasanaethau lleol fel parciau, meysydd chwarae, rhandiroedd ac ati (gweler isod).<\/p>\n<p>[\/et_pb_text][\/et_pb_column][\/et_pb_row][et_pb_row column_structure=&#8221;1_3,1_3,1_3&#8243; _builder_version=&#8221;4.23.4&#8243; custom_margin=&#8221;30px||||false|false&#8221; custom_padding=&#8221;||0px||false|false&#8221; animation_style=&#8221;fade&#8221; locked=&#8221;off&#8221; global_colors_info=&#8221;{}&#8221;][et_pb_column type=&#8221;1_3&#8243; _builder_version=&#8221;4.16&#8243; background_color=&#8221;#FFFFFF&#8221; custom_padding=&#8221;||||false|false&#8221; animation_style=&#8221;fade&#8221; global_colors_info=&#8221;{}&#8221;][et_pb_image src=&#8221;https:\/\/aberystwyth.gov.uk\/wp-content\/uploads\/2024\/09\/Neuadd-Gwenfrewi.png&#8221; title_text=&#8221;Neuadd Gwenfrewi&#8221; show_in_lightbox=&#8221;on&#8221; _builder_version=&#8221;4.27.0&#8243; _module_preset=&#8221;default&#8221; border_width_bottom=&#8221;7px&#8221; border_color_bottom=&#8221;#4e77bd&#8221; global_colors_info=&#8221;{}&#8221;][\/et_pb_image][et_pb_text _builder_version=&#8221;4.23.4&#8243; _module_preset=&#8221;default&#8221; min_height=&#8221;320px&#8221; locked=&#8221;off&#8221; global_colors_info=&#8221;{}&#8221;]<\/p>\n<h2>Neuadd Gwenfrewi<\/h2>\n<p>Neuadd Gwenfrewi, Morfa Mawr, yw&#8217;r adeilad cyntaf sy&#8217;n eiddo i Aberystwyth ers y trosglwyddiad asedau ym 1976. Yn 2021 prynodd y Cyngor Tref yr eglwys segur a th\u0177\u2019r offeiriad gyda&#8217;r bwriad o ddatblygu&#8217;r safle fel canolfan gymunedol a diwylliannol yn ogystal \u00e2 darparu gofod dinesig. Dechreuodd cam cyntaf y gwaith adfer ym mis Rhagfyr 2023.<\/p>\n<p>[\/et_pb_text][\/et_pb_column][et_pb_column type=&#8221;1_3&#8243; _builder_version=&#8221;4.16&#8243; background_color=&#8221;#FFFFFF&#8221; animation_style=&#8221;fade&#8221; animation_delay=&#8221;100ms&#8221; global_colors_info=&#8221;{}&#8221;][et_pb_image src=&#8221;https:\/\/aberystwyth.gov.uk\/wp-content\/uploads\/2024\/09\/Maes-Gwenfrewi1.png&#8221; title_text=&#8221;Maes Gwenfrewi(1)&#8221; show_in_lightbox=&#8221;on&#8221; _builder_version=&#8221;4.27.0&#8243; _module_preset=&#8221;default&#8221; border_width_bottom=&#8221;7px&#8221; border_color_bottom=&#8221;#4e77bd&#8221; global_colors_info=&#8221;{}&#8221;][\/et_pb_image][et_pb_text _builder_version=&#8221;4.22.2&#8243; _module_preset=&#8221;default&#8221; min_height=&#8221;320px&#8221; locked=&#8221;off&#8221; global_colors_info=&#8221;{}&#8221;]<\/p>\n<h2>Maes Gwenfrewi<\/h2>\n<p>Trawsnewidiwyd hen lawnt fowlio, Maes Gwenfrewi sydd drws nesaf i Neuadd Gwenfrewi, yn 2022 yn barc poblogaidd sy&#8217;n cynnwys cyfoeth o fioamrywiaeth, diolch i grant Her am Natur o \u00a3215,000. Plannwyd coed, llwyni a dolydd blodau gwyllt, creuwyd mynediad gwell a mannau tyfu.<\/p>\n<p>[\/et_pb_text][\/et_pb_column][et_pb_column type=&#8221;1_3&#8243; _builder_version=&#8221;4.16&#8243; background_color=&#8221;#FFFFFF&#8221; animation_style=&#8221;fade&#8221; animation_delay=&#8221;200ms&#8221; global_colors_info=&#8221;{}&#8221;][et_pb_image src=&#8221;https:\/\/aberystwyth.gov.uk\/wp-content\/uploads\/2024\/09\/Parc-Kronberg.png&#8221; title_text=&#8221;Parc Kronberg&#8221; show_in_lightbox=&#8221;on&#8221; _builder_version=&#8221;4.27.0&#8243; _module_preset=&#8221;default&#8221; border_width_bottom=&#8221;7px&#8221; border_color_bottom=&#8221;#4e77bd&#8221; global_colors_info=&#8221;{}&#8221;][\/et_pb_image][et_pb_text _builder_version=&#8221;4.22.2&#8243; _module_preset=&#8221;default&#8221; min_height=&#8221;320px&#8221; locked=&#8221;off&#8221; global_colors_info=&#8221;{}&#8221;]<\/p>\n<h2>Parc Kronberg<\/h2>\n<p>Wedi&#8217;i agor yn swyddogol ym mis Rhagfyr 2017, ar \u00f4l derbyn bron i \u00a3500,000 o gyllid gan y Loteri Fawr, mae Parc Kronberg yn barc cymunedol ac yn barc sglefrio. Wedi&#8217;i leoli ar Boulevard St Brieuc mae&#8217;n ganolog i ardal Cyngor Tref Aberystwyth. Yn ogystal \u00e2&#8217;r parc sglefrio, mae dyluniad y parc yn cynnwys llwybrau troed, seddi adeiledig, mannau picnic glaswelltog, banc dringo a seddi yn ogystal ag ardaloedd &#8216;gwyllt&#8217; i annog bioamrywiaeth. Enillodd wobr amgylchedd Un Llais Cymru yn 2020.<\/p>\n<p>[\/et_pb_text][\/et_pb_column][\/et_pb_row][et_pb_row column_structure=&#8221;1_3,1_3,1_3&#8243; _builder_version=&#8221;4.23.4&#8243; custom_margin=&#8221;30px||||false|false&#8221; custom_padding=&#8221;||0px||false|false&#8221; animation_style=&#8221;fade&#8221; locked=&#8221;off&#8221; global_colors_info=&#8221;{}&#8221;][et_pb_column type=&#8221;1_3&#8243; _builder_version=&#8221;4.16&#8243; background_color=&#8221;#FFFFFF&#8221; custom_padding=&#8221;||||false|false&#8221; animation_style=&#8221;fade&#8221; global_colors_info=&#8221;{}&#8221;][et_pb_image src=&#8221;https:\/\/aberystwyth.gov.uk\/wp-content\/uploads\/2024\/09\/Castle-Playground.png&#8221; title_text=&#8221;Maes Chwarae y Castell&#8221; show_in_lightbox=&#8221;on&#8221; _builder_version=&#8221;4.27.0&#8243; _module_preset=&#8221;default&#8221; border_width_bottom=&#8221;7px&#8221; border_color_bottom=&#8221;#4e77bd&#8221; global_colors_info=&#8221;{}&#8221;][\/et_pb_image][et_pb_text _builder_version=&#8221;4.22.2&#8243; _module_preset=&#8221;default&#8221; min_height=&#8221;176px&#8221; locked=&#8221;off&#8221; global_colors_info=&#8221;{}&#8221;]<\/p>\n<h2>Maes Chwarae y Castell<\/h2>\n<p>Mae maes chwarae&#8217;r Castell wedi&#8217;i leoli ar dir castell Aberystwyth. Yn boblogaidd gyda phobl leol ac ymwelwyr, mae\u2019n darparu cyfleusterau ar gyfer plant o bob oed ac mae&#8217;n agos at y promen\u00e2d ac i doiledau cyhoeddus.<\/p>\n<p>[\/et_pb_text][\/et_pb_column][et_pb_column type=&#8221;1_3&#8243; _builder_version=&#8221;4.16&#8243; background_color=&#8221;#FFFFFF&#8221; animation_style=&#8221;fade&#8221; animation_delay=&#8221;100ms&#8221; global_colors_info=&#8221;{}&#8221;][et_pb_image src=&#8221;https:\/\/aberystwyth.gov.uk\/wp-content\/uploads\/2024\/09\/Plascrug-Playground.png&#8221; title_text=&#8221;Maes Chwarae Plascrug&#8221; show_in_lightbox=&#8221;on&#8221; _builder_version=&#8221;4.27.0&#8243; _module_preset=&#8221;default&#8221; border_width_bottom=&#8221;7px&#8221; border_color_bottom=&#8221;#4e77bd&#8221; global_colors_info=&#8221;{}&#8221;][\/et_pb_image][et_pb_text _builder_version=&#8221;4.22.2&#8243; _module_preset=&#8221;default&#8221; min_height=&#8221;176px&#8221; locked=&#8221;off&#8221; global_colors_info=&#8221;{}&#8221;]<\/p>\n<h2>Maes Chwarae Plascrug<\/h2>\n<p>Wedi&#8217;i leoli hanner ffordd ar hyd Coedlan Plascrug, llwybr poblogaidd a di-draffig, mae maes chwarae Plascrug yn ardal chwarae liwgar ac amrywiol i blant o bob oed. Mae&#8217;n cynnwys swing anabl a chylchfan hygyrch.<\/p>\n<p>[\/et_pb_text][\/et_pb_column][et_pb_column type=&#8221;1_3&#8243; _builder_version=&#8221;4.16&#8243; background_color=&#8221;#FFFFFF&#8221; animation_style=&#8221;fade&#8221; animation_delay=&#8221;200ms&#8221; global_colors_info=&#8221;{}&#8221;][et_pb_image src=&#8221;https:\/\/aberystwyth.gov.uk\/wp-content\/uploads\/2024\/09\/Penparcau-Playground.png&#8221; title_text=&#8221;Maes Chwarae Penparcau&#8221; _builder_version=&#8221;4.27.0&#8243; _module_preset=&#8221;default&#8221; border_width_bottom=&#8221;7px&#8221; border_color_bottom=&#8221;#4e77bd&#8221; global_colors_info=&#8221;{}&#8221;][\/et_pb_image][et_pb_text _builder_version=&#8221;4.22.2&#8243; _module_preset=&#8221;default&#8221; min_height=&#8221;176px&#8221; locked=&#8221;off&#8221; global_colors_info=&#8221;{}&#8221;]<\/p>\n<h2>Maes Chwarae Penparcau<\/h2>\n<p>Wedi&#8217;i leoli ym mhentref Penparcau, mae&#8217;r maes chwarae yn fan gwyrdd ond gyda llwybrau wedi&#8217;u gwneud o fatio chwaraeon i ddarparu mynediad i&#8217;r holl offer ym mhob tywydd.<\/p>\n<p>[\/et_pb_text][\/et_pb_column][\/et_pb_row][et_pb_row column_structure=&#8221;1_3,1_3,1_3&#8243; _builder_version=&#8221;4.23.4&#8243; custom_margin=&#8221;30px||||false|false&#8221; custom_padding=&#8221;||0px||false|false&#8221; animation_style=&#8221;fade&#8221; locked=&#8221;off&#8221; global_colors_info=&#8221;{}&#8221;][et_pb_column type=&#8221;1_3&#8243; _builder_version=&#8221;4.16&#8243; background_color=&#8221;#FFFFFF&#8221; custom_padding=&#8221;||||false|false&#8221; animation_style=&#8221;fade&#8221; global_colors_info=&#8221;{}&#8221;][et_pb_image src=&#8221;https:\/\/aberystwyth.gov.uk\/wp-content\/uploads\/2023\/06\/Community-grants.png&#8221; title_text=&#8221;Community grants&#8221; _builder_version=&#8221;4.27.0&#8243; _module_preset=&#8221;default&#8221; hover_enabled=&#8221;0&#8243; border_width_bottom=&#8221;7px&#8221; border_color_bottom=&#8221;#4e77bd&#8221; global_colors_info=&#8221;{}&#8221; sticky_enabled=&#8221;0&#8243;][\/et_pb_image][et_pb_text _builder_version=&#8221;4.22.2&#8243; _module_preset=&#8221;default&#8221; min_height=&#8221;225px&#8221; locked=&#8221;off&#8221; global_colors_info=&#8221;{}&#8221;]<\/p>\n<h2>Ardal Gemau Amlddefnydd<\/h2>\n<p>Wedi&#8217;i leoli ym Min y Dd\u00f4l, Penparcau, mae&#8217;r Ardal Gemau Amlddefnydd yn cael ei defnyddio gan grwpiau lleol ar gyfer p\u00eal-droed, p\u00eal-rwyd a ph\u00eal-fasged.<\/p>\n<p>[\/et_pb_text][\/et_pb_column][et_pb_column type=&#8221;1_3&#8243; _builder_version=&#8221;4.16&#8243; background_color=&#8221;#FFFFFF&#8221; animation_style=&#8221;fade&#8221; animation_delay=&#8221;100ms&#8221; global_colors_info=&#8221;{}&#8221;][et_pb_image src=&#8221;https:\/\/aberystwyth.gov.uk\/wp-content\/uploads\/2023\/06\/Community-grants.png&#8221; title_text=&#8221;Community grants&#8221; _builder_version=&#8221;4.27.0&#8243; _module_preset=&#8221;default&#8221; hover_enabled=&#8221;0&#8243; border_width_bottom=&#8221;7px&#8221; border_color_bottom=&#8221;#4e77bd&#8221; global_colors_info=&#8221;{}&#8221; sticky_enabled=&#8221;0&#8243;][\/et_pb_image][et_pb_text _builder_version=&#8221;4.22.2&#8243; _module_preset=&#8221;default&#8221; min_height=&#8221;225px&#8221; locked=&#8221;off&#8221; global_colors_info=&#8221;{}&#8221;]<\/p>\n<h2>Campfa Awyr Agored (Adizone)<\/h2>\n<p>Wedi&#8217;i leoli ym Min y Dd\u00f4l, Penparcau, yn agos at yr Ardal Gemau Amlddefnydd<strong>, <\/strong>cyfleuster campfa awyr agored yw\u2019r \u2018Adizone\u2019 sydd wedi profi yn ased arbennig o werthfawr \u2013 yn enwedig yn ystod y cyfnod clo.<\/p>\n<p>[\/et_pb_text][\/et_pb_column][et_pb_column type=&#8221;1_3&#8243; _builder_version=&#8221;4.16&#8243; background_color=&#8221;#FFFFFF&#8221; animation_style=&#8221;fade&#8221; animation_delay=&#8221;200ms&#8221; global_colors_info=&#8221;{}&#8221;][et_pb_image src=&#8221;https:\/\/aberystwyth.gov.uk\/wp-content\/uploads\/2024\/09\/Allotments.png&#8221; title_text=&#8221;Rhandiroedd&#8221; show_in_lightbox=&#8221;on&#8221; _builder_version=&#8221;4.27.0&#8243; _module_preset=&#8221;default&#8221; border_width_bottom=&#8221;7px&#8221; border_color_bottom=&#8221;#4e77bd&#8221; global_colors_info=&#8221;{}&#8221;][\/et_pb_image][et_pb_text _builder_version=&#8221;4.22.2&#8243; _module_preset=&#8221;default&#8221; min_height=&#8221;225px&#8221; locked=&#8221;off&#8221; global_colors_info=&#8221;{}&#8221;]<\/p>\n<h2>Rhandiroedd<\/h2>\n<p>Mae&#8217;r rhandiroedd wedi&#8217;u lleoli ger Coedlan Pump ym Mhenparcau. Mae 49 plot ar gyfer trigolion lleol. Yn 2022 fe wnaeth grant rhandiroedd alluogi creu pwll a gwahanol welliannau. Cynhelir diwrnod agored yn flynyddol yn ystod yr haf a chynigir ffrwythau a llysiau dros ben i&#8217;r gymuned.<\/p>\n<p>[\/et_pb_text][\/et_pb_column][\/et_pb_row][et_pb_row column_structure=&#8221;1_3,1_3,1_3&#8243; _builder_version=&#8221;4.23.4&#8243; custom_margin=&#8221;30px||||false|false&#8221; custom_padding=&#8221;||0px||false|false&#8221; animation_style=&#8221;fade&#8221; locked=&#8221;off&#8221; global_colors_info=&#8221;{}&#8221;][et_pb_column type=&#8221;1_3&#8243; _builder_version=&#8221;4.16&#8243; background_color=&#8221;#FFFFFF&#8221; custom_padding=&#8221;||||false|false&#8221; animation_style=&#8221;fade&#8221; global_colors_info=&#8221;{}&#8221;][et_pb_image src=&#8221;https:\/\/aberystwyth.gov.uk\/wp-content\/uploads\/2024\/09\/Green-Spaces.png&#8221; title_text=&#8221;Mannau Gwyrdd&#8221; show_in_lightbox=&#8221;on&#8221; _builder_version=&#8221;4.27.0&#8243; _module_preset=&#8221;default&#8221; border_width_bottom=&#8221;7px&#8221; border_color_bottom=&#8221;#4e77bd&#8221; global_colors_info=&#8221;{}&#8221;][\/et_pb_image][et_pb_text _builder_version=&#8221;4.22.2&#8243; _module_preset=&#8221;default&#8221; min_height=&#8221;225px&#8221; locked=&#8221;off&#8221; global_colors_info=&#8221;{}&#8221;]<\/p>\n<h2>Mannau Gwyrdd<\/h2>\n<p>Mae gwahanol fannau gwyrdd wedi cael eu mabwysiadu o Gyngor Sir Ceredigion ar draws y dref. Mae dolydd blodau gwyllt canol y dref yn cefnogi lles preswylwyr ac mae ardal berllan fawr ger safle&#8217;r rhandir yn cynnig cynnyrch iach i deuluoedd lleol yn ogystal \u00e2 chefnogi bioamrywiaeth.<\/p>\n<p>[\/et_pb_text][\/et_pb_column][et_pb_column type=&#8221;1_3&#8243; _builder_version=&#8221;4.16&#8243; background_color=&#8221;#FFFFFF&#8221; animation_style=&#8221;fade&#8221; animation_delay=&#8221;100ms&#8221; global_colors_info=&#8221;{}&#8221;][et_pb_image src=&#8221;https:\/\/aberystwyth.gov.uk\/wp-content\/uploads\/2024\/09\/Tree-Planting.png&#8221; title_text=&#8221;Plannu Coed&#8221; show_in_lightbox=&#8221;on&#8221; _builder_version=&#8221;4.27.0&#8243; _module_preset=&#8221;default&#8221; border_width_bottom=&#8221;7px&#8221; border_color_bottom=&#8221;#4e77bd&#8221; global_colors_info=&#8221;{}&#8221;][\/et_pb_image][et_pb_text _builder_version=&#8221;4.22.2&#8243; _module_preset=&#8221;default&#8221; min_height=&#8221;225px&#8221; locked=&#8221;off&#8221; global_colors_info=&#8221;{}&#8221;]<\/p>\n<h2>Plannu Coed<\/h2>\n<p>Plannwyd dros 50 o goed ynghanol y dref yn 2022 ac mae cyllideb flynyddol yn sicrhau bod y rhaglen blannu yn parhau.<\/p>\n<p>[\/et_pb_text][\/et_pb_column][et_pb_column type=&#8221;1_3&#8243; _builder_version=&#8221;4.16&#8243; background_color=&#8221;#FFFFFF&#8221; animation_style=&#8221;fade&#8221; animation_delay=&#8221;200ms&#8221; global_colors_info=&#8221;{}&#8221;][et_pb_image src=&#8221;https:\/\/aberystwyth.gov.uk\/wp-content\/uploads\/2024\/09\/Town-Flowers.png&#8221; title_text=&#8221;Blodau&apos;r Dref&#8221; show_in_lightbox=&#8221;on&#8221; _builder_version=&#8221;4.27.0&#8243; _module_preset=&#8221;default&#8221; border_width_bottom=&#8221;7px&#8221; border_color_bottom=&#8221;#4e77bd&#8221; global_colors_info=&#8221;{}&#8221;][\/et_pb_image][et_pb_text _builder_version=&#8221;4.22.2&#8243; _module_preset=&#8221;default&#8221; min_height=&#8221;225px&#8221; locked=&#8221;off&#8221; global_colors_info=&#8221;{}&#8221;]<\/p>\n<h2>Blodau&#8217;r Dref<\/h2>\n<p>Mae&#8217;r ffiniau a fabwysiadwyd o Gyngor Sir Ceredigion yn cynnwys plangigion lluosflwydd newydd i gefnogi bywyd gwyllt a darparu diddordeb drwy gydol y flwyddyn. Mae dolydd blodau gwyllt wedi cael eu creu ar safleoedd a lawntiwyd yn flaenorol.<\/p>\n<p>[\/et_pb_text][\/et_pb_column][\/et_pb_row][et_pb_row column_structure=&#8221;1_3,1_3,1_3&#8243; _builder_version=&#8221;4.23.4&#8243; custom_margin=&#8221;30px||||false|false&#8221; custom_padding=&#8221;||0px||false|false&#8221; animation_style=&#8221;fade&#8221; locked=&#8221;off&#8221; global_colors_info=&#8221;{}&#8221;][et_pb_column type=&#8221;1_3&#8243; _builder_version=&#8221;4.16&#8243; background_color=&#8221;#FFFFFF&#8221; custom_padding=&#8221;||||false|false&#8221; animation_style=&#8221;fade&#8221; global_colors_info=&#8221;{}&#8221;][et_pb_image src=&#8221;https:\/\/aberystwyth.gov.uk\/wp-content\/uploads\/2024\/09\/Street-Furniture.png&#8221; title_text=&#8221;Dodrefn Stryd&#8221; show_in_lightbox=&#8221;on&#8221; _builder_version=&#8221;4.27.0&#8243; _module_preset=&#8221;default&#8221; border_width_bottom=&#8221;7px&#8221; border_color_bottom=&#8221;#4e77bd&#8221; global_colors_info=&#8221;{}&#8221;][\/et_pb_image][et_pb_text _builder_version=&#8221;4.22.2&#8243; _module_preset=&#8221;default&#8221; min_height=&#8221;175px&#8221; locked=&#8221;off&#8221; global_colors_info=&#8221;{}&#8221;]<\/p>\n<h2>Dodrefn Stryd<\/h2>\n<p>Y Cyngor Tref sy&#8217;n gyfrifol am y rhan fwyaf o&#8217;r meinciau ledled y dref ac yn gweithredu rhaglen gynnal a chadw reolaidd.\u00a0 Mae polisi pro-mainc y Cyngor Tref yn sicrhau bod meinciau newydd yn cael eu ychwanegu lle bo angen.<\/p>\n<p>[\/et_pb_text][\/et_pb_column][et_pb_column type=&#8221;1_3&#8243; _builder_version=&#8221;4.16&#8243; background_color=&#8221;#FFFFFF&#8221; animation_style=&#8221;fade&#8221; animation_delay=&#8221;100ms&#8221; global_colors_info=&#8221;{}&#8221;][et_pb_image src=&#8221;https:\/\/aberystwyth.gov.uk\/wp-content\/uploads\/2024\/09\/Signage.png&#8221; title_text=&#8221;Arwyddion&#8221; show_in_lightbox=&#8221;on&#8221; _builder_version=&#8221;4.27.0&#8243; _module_preset=&#8221;default&#8221; border_width_bottom=&#8221;7px&#8221; border_color_bottom=&#8221;#4e77bd&#8221; global_colors_info=&#8221;{}&#8221;][\/et_pb_image][et_pb_text _builder_version=&#8221;4.22.2&#8243; _module_preset=&#8221;default&#8221; min_height=&#8221;175px&#8221; locked=&#8221;off&#8221; global_colors_info=&#8221;{}&#8221;]<\/p>\n<h2>Arwyddion<\/h2>\n<p>Mae pyst bys cerddwyr ar ffurf treftadaeth yn cyfeirio ymwelwyr i atyniadau allweddol canol y dref.<\/p>\n<p>[\/et_pb_text][\/et_pb_column][et_pb_column type=&#8221;1_3&#8243; _builder_version=&#8221;4.16&#8243; background_color=&#8221;#FFFFFF&#8221; animation_style=&#8221;fade&#8221; animation_delay=&#8221;200ms&#8221; global_colors_info=&#8221;{}&#8221;][et_pb_image src=&#8221;https:\/\/aberystwyth.gov.uk\/wp-content\/uploads\/2024\/09\/Defib.png&#8221; title_text=&#8221;Defib&#8221; _builder_version=&#8221;4.27.0&#8243; _module_preset=&#8221;default&#8221; border_width_bottom=&#8221;7px&#8221; border_color_bottom=&#8221;#4e77bd&#8221; global_colors_info=&#8221;{}&#8221;][\/et_pb_image][et_pb_text _builder_version=&#8221;4.23.4&#8243; _module_preset=&#8221;default&#8221; min_height=&#8221;175px&#8221; locked=&#8221;off&#8221; global_colors_info=&#8221;{}&#8221;]<\/p>\n<h2>Diffibrilwyr<\/h2>\n<p>Mae&#8217;r Cyngor Tref yn darparu diffibrilwyr yn y lleoliadau canlynol:<\/p>\n<ul>\n<li>Spar, Ffordd y M\u00f4r<\/li>\n<li>Siop y Castell<\/li>\n<\/ul>\n<p>&nbsp;<\/p>\n<p>[\/et_pb_text][\/et_pb_column][\/et_pb_row][et_pb_row column_structure=&#8221;1_3,1_3,1_3&#8243; _builder_version=&#8221;4.23.4&#8243; custom_margin=&#8221;30px||||false|false&#8221; custom_padding=&#8221;||0px||false|false&#8221; animation_style=&#8221;fade&#8221; locked=&#8221;off&#8221; global_colors_info=&#8221;{}&#8221;][et_pb_column type=&#8221;1_3&#8243; _builder_version=&#8221;4.16&#8243; background_color=&#8221;#FFFFFF&#8221; custom_padding=&#8221;||||false|false&#8221; animation_style=&#8221;fade&#8221; global_colors_info=&#8221;{}&#8221;][et_pb_image src=&#8221;https:\/\/aberystwyth.gov.uk\/wp-content\/uploads\/2023\/06\/Aberystwyth-Old-Town-Market.png&#8221; title_text=&#8221;Marchnad yr Hen Dref&#8221; show_in_lightbox=&#8221;on&#8221; _builder_version=&#8221;4.27.0&#8243; _module_preset=&#8221;default&#8221; border_width_bottom=&#8221;7px&#8221; border_color_bottom=&#8221;#4e77bd&#8221; global_colors_info=&#8221;{}&#8221;][\/et_pb_image][et_pb_text _builder_version=&#8221;4.22.2&#8243; _module_preset=&#8221;default&#8221; min_height=&#8221;175px&#8221; locked=&#8221;off&#8221; global_colors_info=&#8221;{}&#8221;]<\/p>\n<h2>Marchnad yr Hen Dref<\/h2>\n<p>Mae&#8217;r Cyngor Tref yn trefnu marchnadoedd crefft a bwyd lleol rheolaidd yn ardal hen dref Aberystwyth y tu allan i gatiau&#8217;r castell ac yng nghyffiniau hen Neuadd y Farchnad.<\/p>\n<p>[\/et_pb_text][\/et_pb_column][et_pb_column type=&#8221;1_3&#8243; _builder_version=&#8221;4.16&#8243; background_color=&#8221;#FFFFFF&#8221; animation_style=&#8221;fade&#8221; animation_delay=&#8221;100ms&#8221; global_colors_info=&#8221;{}&#8221;][et_pb_image src=&#8221;https:\/\/aberystwyth.gov.uk\/wp-content\/uploads\/2024\/09\/Events2.png&#8221; title_text=&#8221;Digwyddiadau&#8221; show_in_lightbox=&#8221;on&#8221; _builder_version=&#8221;4.27.0&#8243; _module_preset=&#8221;default&#8221; border_width_bottom=&#8221;7px&#8221; border_color_bottom=&#8221;#4e77bd&#8221; global_colors_info=&#8221;{}&#8221;][\/et_pb_image][et_pb_text _builder_version=&#8221;4.23.4&#8243; _module_preset=&#8221;default&#8221; min_height=&#8221;175px&#8221; locked=&#8221;off&#8221; global_colors_info=&#8221;{}&#8221;]<\/p>\n<h2>Digwyddiadau<\/h2>\n<p>Mae rhaglen flynyddol o ddigwyddiadau diwylliannol yn dechrau gyda Santes Dwynwen ym mis Ionawr ac yn gorffen gyda dathliad yn y Castell ym mis Medi.\u00a0 Cynhelir rhaglen adloniant yr haf yn y Bandstand yn ystod Gorffennaf ac Awst.<\/p>\n<p>[\/et_pb_text][\/et_pb_column][et_pb_column type=&#8221;1_3&#8243; _builder_version=&#8221;4.16&#8243; background_color=&#8221;#FFFFFF&#8221; animation_style=&#8221;fade&#8221; animation_delay=&#8221;200ms&#8221; global_colors_info=&#8221;{}&#8221;][et_pb_image src=&#8221;https:\/\/aberystwyth.gov.uk\/wp-content\/uploads\/2024\/09\/Street-Cleaning.png&#8221; title_text=&#8221;Glanhau\u2019r Dref&#8221; show_in_lightbox=&#8221;on&#8221; _builder_version=&#8221;4.27.0&#8243; _module_preset=&#8221;default&#8221; border_width_bottom=&#8221;7px&#8221; border_color_bottom=&#8221;#4e77bd&#8221; global_colors_info=&#8221;{}&#8221;][\/et_pb_image][et_pb_text _builder_version=&#8221;4.22.2&#8243; _module_preset=&#8221;default&#8221; min_height=&#8221;175px&#8221; locked=&#8221;off&#8221; global_colors_info=&#8221;{}&#8221;]<\/p>\n<h2>Glanhau\u2019r Dref<\/h2>\n<p>Mae Aberystwyth yn cefnogi Cyngor Sir Ceredigion drwy ddarparu bagiau atal gwylanod i breswylwyr, arwyddion c\u0175n ar gyfer y promen\u00e2d a chyflogi staff i gasglu sbwriel a chwynnu yn rheolaidd.<\/p>\n<p>[\/et_pb_text][\/et_pb_column][\/et_pb_row][et_pb_row column_structure=&#8221;1_3,1_3,1_3&#8243; _builder_version=&#8221;4.23.4&#8243; custom_margin=&#8221;30px||||false|false&#8221; animation_style=&#8221;fade&#8221; locked=&#8221;off&#8221; global_colors_info=&#8221;{}&#8221;][et_pb_column type=&#8221;1_3&#8243; _builder_version=&#8221;4.16&#8243; background_color=&#8221;#FFFFFF&#8221; custom_padding=&#8221;||||false|false&#8221; animation_style=&#8221;fade&#8221; global_colors_info=&#8221;{}&#8221;][et_pb_image src=&#8221;https:\/\/aberystwyth.gov.uk\/wp-content\/uploads\/2024\/09\/Nadolig.png&#8221; title_text=&#8221;Nadolig&#8221; show_in_lightbox=&#8221;on&#8221; _builder_version=&#8221;4.27.0&#8243; _module_preset=&#8221;default&#8221; border_width_bottom=&#8221;7px&#8221; border_color_bottom=&#8221;#4e77bd&#8221; global_colors_info=&#8221;{}&#8221;][\/et_pb_image][et_pb_text _builder_version=&#8221;4.22.2&#8243; _module_preset=&#8221;default&#8221; min_height=&#8221;200px&#8221; locked=&#8221;off&#8221; global_colors_info=&#8221;{}&#8221;]<\/p>\n<h2>Coed a Goleuadau Nadolig<\/h2>\n<p>Mae&#8217;r Cyngor Tref yn darparu coed a goleuadau Nadolig ar gyfer Penparcau, Canol y Dref a Threfechan. Darperir goleuadau festoon ar gyfer canol y dref a goleuadau ar gyfer y cloc. Yn 2023, diolch i gyllid SPF, ychwanegwyd pedair coeden a goleuadau Nadolig cerfluniol.<\/p>\n<p>[\/et_pb_text][\/et_pb_column][et_pb_column type=&#8221;1_3&#8243; _builder_version=&#8221;4.16&#8243; background_color=&#8221;#FFFFFF&#8221; animation_style=&#8221;fade&#8221; animation_delay=&#8221;100ms&#8221; global_colors_info=&#8221;{}&#8221;][et_pb_image src=&#8221;https:\/\/aberystwyth.gov.uk\/wp-content\/uploads\/2024\/09\/Senior-Citizens-Lunch.png&#8221; title_text=&#8221;Cinio Nadolig yr Henoed&#8221; show_in_lightbox=&#8221;on&#8221; _builder_version=&#8221;4.27.0&#8243; _module_preset=&#8221;default&#8221; border_width_bottom=&#8221;7px&#8221; border_color_bottom=&#8221;#4e77bd&#8221; global_colors_info=&#8221;{}&#8221;][\/et_pb_image][et_pb_text _builder_version=&#8221;4.22.2&#8243; _module_preset=&#8221;default&#8221; min_height=&#8221;200px&#8221; locked=&#8221;off&#8221; global_colors_info=&#8221;{}&#8221;]<\/p>\n<h2>Cinio Nadolig yr Henoed<\/h2>\n<p>Mae cinio&#8217;r Maer ar gyfer preswylwyr h\u0177n Aberystwyth (65+) yn ddigwyddiad cymdeithasol blynyddol poblogaidd.<\/p>\n<p>[\/et_pb_text][\/et_pb_column][et_pb_column type=&#8221;1_3&#8243; _builder_version=&#8221;4.16&#8243; background_color=&#8221;#FFFFFF&#8221; animation_style=&#8221;fade&#8221; animation_delay=&#8221;200ms&#8221; global_colors_info=&#8221;{}&#8221;][\/et_pb_column][\/et_pb_row][\/et_pb_section]<\/p>\n","protected":false},"excerpt":{"rendered":"<p>Ym 1976 trosglwyddwyd holl asedau hen Gyngor Bwrdeistref Aberystwyth i Gyngor Sir Ceredigion.\u00a0 Roedd hyn yn cynnwys tir ac adeiladau ac ers 1976 mae Cyngor Tref Aberystwyth wedi prydlesu llawer o&#8217;r asedau yn \u00f4l gan Gyngor Sir Ceredigion er mwyn darparu gwasanaethau lleol fel parciau, meysydd chwarae, rhandiroedd ac ati (gweler isod).Neuadd Gwenfrewi Neuadd Gwenfrewi, [&hellip;]<\/p>\n","protected":false},"author":1,"featured_media":0,"parent":0,"menu_order":0,"comment_status":"closed","ping_status":"closed","template":"","meta":{"_acf_changed":false,"_et_pb_use_builder":"on","_et_pb_old_content":"","_et_gb_content_width":"","footnotes":""},"class_list":["post-1578","page","type-page","status-publish","hentry"],"acf":[],"_links":{"self":[{"href":"https:\/\/aberystwyth.gov.uk\/cy\/wp-json\/wp\/v2\/pages\/1578","targetHints":{"allow":["GET"]}}],"collection":[{"href":"https:\/\/aberystwyth.gov.uk\/cy\/wp-json\/wp\/v2\/pages"}],"about":[{"href":"https:\/\/aberystwyth.gov.uk\/cy\/wp-json\/wp\/v2\/types\/page"}],"author":[{"embeddable":true,"href":"https:\/\/aberystwyth.gov.uk\/cy\/wp-json\/wp\/v2\/users\/1"}],"replies":[{"embeddable":true,"href":"https:\/\/aberystwyth.gov.uk\/cy\/wp-json\/wp\/v2\/comments?post=1578"}],"version-history":[{"count":13,"href":"https:\/\/aberystwyth.gov.uk\/cy\/wp-json\/wp\/v2\/pages\/1578\/revisions"}],"predecessor-version":[{"id":1933,"href":"https:\/\/aberystwyth.gov.uk\/cy\/wp-json\/wp\/v2\/pages\/1578\/revisions\/1933"}],"wp:attachment":[{"href":"https:\/\/aberystwyth.gov.uk\/cy\/wp-json\/wp\/v2\/media?parent=1578"}],"curies":[{"name":"wp","href":"https:\/\/api.w.org\/{rel}","templated":true}]}}